{"id":2,"date":"2023-11-23T09:35:48","date_gmt":"2023-11-23T08:35:48","guid":{"rendered":"http:\/\/podlesice.czechowice-dziedzice.zhp.pl\/?page_id=2"},"modified":"2023-11-30T10:44:26","modified_gmt":"2023-11-30T09:44:26","slug":"przykladowa-strona","status":"publish","type":"page","link":"https:\/\/podlesice.czechowice-dziedzice.zhp.pl\/index.php\/przykladowa-strona\/","title":{"rendered":"Par\u0119 s\u0142\u00f3w o bazie"},"content":{"rendered":"\n<p><strong>Nazwa, dok\u0142adny adres :<br><\/strong>Baza obozowa Hufca ZHP Czechowice &#8211; Dziedzice w Podlesicach<br>42 &#8211; 425 Kroczyce, gmina Kroczyce, powiat zawiercia\u0144ski, woj. \u015al\u0105skie<\/p>\n\n\n\n<p><strong>Odleg\u0142o\u015bci z Podlesic do wi\u0119kszych miast:<\/strong><br><strong>Kroczyce<\/strong>&nbsp;&#8211; 2,5 km<br><strong>Zawiercie<\/strong>&nbsp;&#8211; 20 km<br><strong>Cz\u0119stochowa<\/strong>&nbsp;&#8211; 53 km<br><strong>Krak\u00f3w<\/strong>&nbsp;&#8211; 84 km<br><strong>Warszawa<\/strong>&nbsp;&#8211; 274 km<br><strong>Katowice<\/strong>&nbsp;&#8211; 62 km<\/p>\n\n\n\n<p><strong>Dodatkowe atrakcje w okolicy:<\/strong><br>&#8211; basen w O\u015brodku Wypoczynkowym w Morsku &#8211; ok. 25 min pieszo \/ok. 40 min samochodem<br>&#8211; zalew w Kostkowicach &#8211; ok. 50 min pieszo \/10 min samochodem<br>&#8211; mo\u017cliwo\u015b\u0107 wspinaczki<br>&#8211; Ojcowski Park Narodowy<br>&#8211; Zamek w Podzamczu<br>&#8211; Zamek Krzy\u017ctop\u00f3r<br>&#8211; Jaskinia Raj<br>&#8211; Ogrodzieniec<br><br><strong>Podlesice<\/strong>&nbsp;&#8211; wie\u015b w wojew\u00f3dztwie \u015bl\u0105skim, powiecie zawiercia\u0144skim, w gminie Kroczyce na terenie wy\u017cyny Krakowsko-Cz\u0119stochowskiej. Rozbudowana baza turystyczna: hotele, pensjonaty, agroturystyka, plac\u00f3wki gastronomiczne. W latach 1975-1998 miejscowo\u015b\u0107 po\u0142o\u017cona by\u0142a w wojew\u00f3dztwie cz\u0119stochowskim. Podlesice le\u017c\u0105 na Jurajskim Rowerowym Szlaku Orlich Gniazd. Ze wzgl\u0119du na du\u017c\u0105 liczb\u0119 ska\u0142ek wapiennych w bezpo\u015brednim s\u0105siedztwie wsi, a tak\u017ce z uwagi na rozbudowan\u0105 baz\u0119 noclegow\u0105, Podlesice s\u0105 jedn\u0105 z kilku wspinaczkowych stolic Polski. Najwi\u0119ksze rejony wspinaczkowe rozci\u0105gaj\u0105 si\u0119 na p\u00f3\u0142nocny zach\u00f3d od wsi, wzd\u0142u\u017c drogi 792 Kroczyce &#8211; \u017barki. S\u0105 to pokryte g\u0119st\u0105 sieci\u0105 dr\u00f3g wspinaczkowych osta\u0144ce i mury skalne G\u00f3ry Zbor\u00f3w i Wzg\u00f3rza Ko\u0142oczek. Ponadto, kilka mniejszych ogr\u00f3dk\u00f3w skalnych znajduje si\u0119 po po\u0142udniowej stronie drogi 792 nale\u017c\u0105 do nich: Gips, G\u00f3ra Apteka, Wilczy Kamie\u0144, Apteka oraz Biblioteka. Ok. 3 km na zach\u00f3d od wsi znajduje si\u0119 Faszystowski Ogr\u00f3dek, a jeszcze dalej na zach\u00f3d &#8211; ska\u0142ki rz\u0119dkowickie. W samej wsi znajduj\u0105 si\u0119 siedziby kilku szk\u00f3\u0142 wspinania oraz siedziba Grupy Jurajskiej GOPR.<\/p>\n\n\n\n<p>Zach\u0119camy r\u00f3wnie\u017c do kontaktu w sprawie rezerwacji terminu na ob\u00f3z, biwak lub inn\u0105 form\u0119 wypoczynku: czechowice-dziedzice@zhp.pl.<\/p>\n\n\n\n<p><\/p>\n","protected":false},"excerpt":{"rendered":"<p>Nazwa, dok\u0142adny adres :Baza obozowa Hufca ZHP Czechowice &#8211; Dziedzice w Podlesicach42 &#8211; 425 Kroczyce, gmina Kroczyce, powiat zawiercia\u0144ski, woj. \u015al\u0105skie Odleg\u0142o\u015bci z Podlesic do wi\u0119kszych miast:Kroczyce&nbsp;&#8211; 2,5 kmZawiercie&nbsp;&#8211; 20 kmCz\u0119stochowa&nbsp;&#8211; 53 kmKrak\u00f3w&nbsp;&#8211; 84 kmWarszawa&nbsp;&#8211; 274 kmKatowice&nbsp;&#8211; 62 km Dodatkowe atrakcje w okolicy:&#8211; basen w O\u015brodku Wypoczynkowym w Morsku &#8211; [&hellip;]<\/p>\n","protected":false},"author":1,"featured_media":0,"parent":0,"menu_order":0,"comment_status":"closed","ping_status":"open","template":"","meta":{"footnotes":""},"class_list":["post-2","page","type-page","status-publish","hentry"],"_links":{"self":[{"href":"https:\/\/podlesice.czechowice-dziedzice.zhp.pl\/index.php\/wp-json\/wp\/v2\/pages\/2","targetHints":{"allow":["GET"]}}],"collection":[{"href":"https:\/\/podlesice.czechowice-dziedzice.zhp.pl\/index.php\/wp-json\/wp\/v2\/pages"}],"about":[{"href":"https:\/\/podlesice.czechowice-dziedzice.zhp.pl\/index.php\/wp-json\/wp\/v2\/types\/page"}],"author":[{"embeddable":true,"href":"https:\/\/podlesice.czechowice-dziedzice.zhp.pl\/index.php\/wp-json\/wp\/v2\/users\/1"}],"replies":[{"embeddable":true,"href":"https:\/\/podlesice.czechowice-dziedzice.zhp.pl\/index.php\/wp-json\/wp\/v2\/comments?post=2"}],"version-history":[{"count":3,"href":"https:\/\/podlesice.czechowice-dziedzice.zhp.pl\/index.php\/wp-json\/wp\/v2\/pages\/2\/revisions"}],"predecessor-version":[{"id":71,"href":"https:\/\/podlesice.czechowice-dziedzice.zhp.pl\/index.php\/wp-json\/wp\/v2\/pages\/2\/revisions\/71"}],"wp:attachment":[{"href":"https:\/\/podlesice.czechowice-dziedzice.zhp.pl\/index.php\/wp-json\/wp\/v2\/media?parent=2"}],"curies":[{"name":"wp","href":"https:\/\/api.w.org\/{rel}","templated":true}]}}